{"id":776,"date":"2022-07-17T17:21:32","date_gmt":"2022-07-17T15:21:32","guid":{"rendered":"https:\/\/yanoyasolution.eu\/?page_id=776"},"modified":"2022-07-17T17:26:27","modified_gmt":"2022-07-17T15:26:27","slug":"polityka-prywatnosci","status":"publish","type":"page","link":"https:\/\/yanoyasolution.eu\/en\/polityka-prywatnosci\/","title":{"rendered":"Privacy Policy"},"content":{"rendered":"<div data-elementor-type=\"wp-page\" data-elementor-id=\"776\" class=\"elementor elementor-776\" data-elementor-post-type=\"page\">\n\t\t\t\t\t\t<section class=\"elementor-section elementor-top-section elementor-element elementor-element-61e0a87 elementor-section-boxed elementor-section-height-default elementor-section-height-default\" data-id=\"61e0a87\" data-element_type=\"section\" data-e-type=\"section\">\n\t\t\t\t\t\t<div class=\"elementor-container elementor-column-gap-default\">\n\t\t\t\t\t<div class=\"elementor-column elementor-col-100 elementor-top-column elementor-element elementor-element-5049ad3 elementor-invisible\" data-id=\"5049ad3\" data-element_type=\"column\" data-e-type=\"column\" data-settings=\"{&quot;animation&quot;:&quot;fadeIn&quot;}\">\n\t\t\t<div class=\"elementor-widget-wrap elementor-element-populated\">\n\t\t\t\t\t\t<div class=\"elementor-element elementor-element-917e80e elementor-widget elementor-widget-heading\" data-id=\"917e80e\" data-element_type=\"widget\" data-e-type=\"widget\" data-widget_type=\"heading.default\">\n\t\t\t\t<div class=\"elementor-widget-container\">\n\t\t\t\t\t<h1 class=\"elementor-heading-title elementor-size-default\">Privacy Policy<\/h1>\t\t\t\t<\/div>\n\t\t\t\t<\/div>\n\t\t\t\t<div class=\"elementor-element elementor-element-6c61769 elementor-widget-divider--view-line elementor-widget elementor-widget-divider\" data-id=\"6c61769\" data-element_type=\"widget\" data-e-type=\"widget\" data-widget_type=\"divider.default\">\n\t\t\t\t<div class=\"elementor-widget-container\">\n\t\t\t\t\t\t\t<div class=\"elementor-divider\">\n\t\t\t<span class=\"elementor-divider-separator\">\n\t\t\t\t\t\t<\/span>\n\t\t<\/div>\n\t\t\t\t\t\t<\/div>\n\t\t\t\t<\/div>\n\t\t\t\t\t<\/div>\n\t\t<\/div>\n\t\t\t\t\t<\/div>\n\t\t<\/section>\n\t\t\t\t<section class=\"elementor-section elementor-top-section elementor-element elementor-element-95e25ff elementor-section-boxed elementor-section-height-default elementor-section-height-default\" data-id=\"95e25ff\" data-element_type=\"section\" data-e-type=\"section\">\n\t\t\t\t\t\t<div class=\"elementor-container elementor-column-gap-default\">\n\t\t\t\t\t<div class=\"elementor-column elementor-col-100 elementor-top-column elementor-element elementor-element-d3342f3\" data-id=\"d3342f3\" data-element_type=\"column\" data-e-type=\"column\">\n\t\t\t<div class=\"elementor-widget-wrap elementor-element-populated\">\n\t\t\t\t\t\t<div class=\"elementor-element elementor-element-a27bf5c elementor-invisible elementor-widget elementor-widget-text-editor\" data-id=\"a27bf5c\" data-element_type=\"widget\" data-e-type=\"widget\" data-settings=\"{&quot;_animation&quot;:&quot;fadeIn&quot;}\" data-widget_type=\"text-editor.default\">\n\t\t\t\t<div class=\"elementor-widget-container\">\n\t\t\t\t\t\t\t\t\t<div data-id=\"37f3dd7\" data-element_type=\"widget\" data-widget_type=\"heading.default\"><div>\u00a0<\/div><\/div><div data-id=\"8c4e6f2\" data-element_type=\"widget\" data-widget_type=\"text-editor.default\"><div><div><h4><strong>Informacja o przetwarzaniu Twoich danych osobowych<\/strong><\/h4><p>Niniejszym informujemy Ci\u0119, \u017ce przetwarzamy Twoje dane osobowe.<\/p><p>Szczeg\u00f3\u0142y tego dotycz\u0105ce znajdziesz poni\u017cej.<\/p><p>I. Administrator danych osobowych<\/p><p>Administratorem Twoich danych osobowych jest firma YANOYA SOLUTIONS MARIUSZ JANOTA z siedzib\u0105 w Krakowie. Mo\u017cesz si\u0119 z nami skontaktowa\u0107 w nast\u0119puj\u0105cy spos\u00f3b:<\/p><p>\u2013 listowanie na adres: ul. Pawia 5, 31-154, Krak\u00f3w<\/p><p>\u2013 telefonicznie: +48 739 004 783<\/p><p>\u2013 mail: office@yanoyasolution.eu<\/p><p>II. Cele i podstawy przetwarzania<\/p><p>Twoje dane przetwarzamy w nast\u0119puj\u0105cych celach i na nast\u0119puj\u0105cych podstawach:<\/p><p>w celu prowadzenia marketingu bezpo\u015bredniego naszych produkt\u00f3w i us\u0142ug przy u\u017cyciu \u015brodk\u00f3w nieelektronicznych, co jest naszym prawnie uzasadnionym interesem (podstawa z art. 6 ust. 1 lit. f RODO),\u00a0<\/p><p>w celu oferowania naszych produkt\u00f3w i us\u0142ug, w tym drog\u0105 elektroniczn\u0105 na podstawie Twojej zgody (podstawa z art. 6 ust. 1 lit. a RODO);<\/p><p>w celu zawarcia umowy, realizacji us\u0142ug w zwi\u0105zku z Twoim zainteresowaniem nasz\u0105 ofert\u0105 (podstawa z art. 6 ust.1 lit. b RODO);<\/p><p>w celu wykonania i na podstawie zawartej przez Ciebie z nami umowy, realizacji us\u0142ug, (podstawa z art.6 ust.1 lit. b RODO) oraz na podstawie udzielonej przez Ciebie zgody (podstawa z art. 6 ust. 1 lit. a RODO) ;<\/p><p>III. Kategorie Twoich danych, kt\u00f3re przetwarzamy\u00a0<\/p><p>B\u0119dziemy przetwarza\u0107 nast\u0119puj\u0105ce kategorie Twoich danych:<\/p><p>\u2013 imi\u0119 i nazwisko,<\/p><p>\u2013 nr telefonu,<\/p><p>\u2013 adres e-mail<\/p><p>IV. Odbiorcy danych<\/p><p>Twoje dane osobowe mo\u017cemy udost\u0119pnia\u0107 nast\u0119puj\u0105cym kategoriom podmiot\u00f3w: podwykonawcom, czyli podmiotom, z kt\u00f3rych korzystamy przy ich przetwarzaniu, np. firmom ksi\u0119gowym, marketingowym.<\/p><p>V. Przekazywanie danych do pa\u0144stw trzecich lub organizacji mi\u0119dzynarodowych<\/p><p>Nie przekazujemy Twoich danych poza teren Polski\/UE\/Europejskiego Obszaru Gospodarczego.<\/p><p>VI. Okres przechowywania danych<\/p><ol><li>Twoje dane pozyskane w celu zawarcia umowy, realizacji us\u0142ug przechowujemy przez okres negocjowania umowy.<\/li><li>Twoje dane pozyskane w zwi\u0105zku z zawarciem umowy, realizacji us\u0142ug przetwarzamy do zako\u0144czenia realizacji umowy lub up\u0142ywu okresu przedawnienia roszcze\u0144.<\/li><li>Twoje dane kontaktowe pozyskane dla potrzeb marketingu bezpo\u015bredniego naszych produkt\u00f3w i us\u0142ug przechowujemy do czasu, a\u017c zg\u0142osisz sprzeciw wzgl\u0119dem ich przetwarzania w tym celu, cofniesz zgod\u0119, je\u015bli przetwarzali\u015bmy je na podstawie tzw. zgody marketingowej, lub sami ustalimy, \u017ce si\u0119 zdezaktualizowa\u0142y.<\/li><\/ol><p>VII. Twoje prawa:<\/p><p>Przys\u0142uguje Ci:<\/p><p>a) prawo dost\u0119pu do swoich danych oraz otrzymania ich kopii<\/p><p>b) prawo do sprostowania (poprawiania) swoich danych<\/p><p>c) prawo do usuni\u0119cia danych<\/p><p>d) ograniczenia przetwarzania danych<\/p><p>e) prawo do wniesienia sprzeciwu wobec przetwarzania danych<\/p><p>f) prawo do przenoszenia danych<\/p><p>g) prawo do wniesienia skargi do organu nadzorczego<\/p><p>h) prawo do cofni\u0119cia zgody na przetwarzanie danych osobowych.<\/p><p>VIII. PLIKI COOKIES\u00a0<\/p><p>Wykorzystujemy pliki cookies \u2013 dane informatyczne, pliki tekstowe, kt\u00f3re przechowywane s\u0105 w urz\u0105dzeniu ko\u0144cowym U\u017cytkownika, u\u0142atwiaj\u0105ce korzystanie ze stron internetowych Serwisu. Cookies przechowywane s\u0105 jedynie na dysku twardym U\u017cytkownika, nie za\u015b na naszym serwerze i s\u0105 wy\u0142\u0105cznymi informacjami zbieranymi przez stron\u0119. U\u017cytkownik mo\u017ce w ka\u017cdej chwili wy\u0142\u0105czy\u0107 w swojej przegl\u0105darce opcj\u0119 przesy\u0142ania cookies, mo\u017ce to jednak mie\u0107 wp\u0142yw na prawid\u0142owe funkcjonowanie serwisu.<\/p><\/div><\/div><\/div>\t\t\t\t\t\t\t\t<\/div>\n\t\t\t\t<\/div>\n\t\t\t\t\t<\/div>\n\t\t<\/div>\n\t\t\t\t\t<\/div>\n\t\t<\/section>\n\t\t\t\t<\/div>","protected":false},"excerpt":{"rendered":"<p>Polityka prywatno\u015bci \u00a0 Informacja o przetwarzaniu Twoich danych osobowych Niniejszym informujemy Ci\u0119, \u017ce przetwarzamy Twoje dane osobowe. Szczeg\u00f3\u0142y tego dotycz\u0105ce znajdziesz poni\u017cej. I. Administrator danych osobowych Administratorem Twoich danych osobowych jest firma YANOYA SOLUTIONS MARIUSZ JANOTA z siedzib\u0105 w Krakowie. Mo\u017cesz si\u0119 z nami skontaktowa\u0107 w nast\u0119puj\u0105cy spos\u00f3b: \u2013 listowanie na adres: ul. Pawia 5, [&hellip;]<\/p>","protected":false},"author":1,"featured_media":0,"parent":0,"menu_order":0,"comment_status":"closed","ping_status":"closed","template":"","meta":{"footnotes":""},"class_list":["post-776","page","type-page","status-publish","hentry"],"_links":{"self":[{"href":"https:\/\/yanoyasolution.eu\/en\/wp-json\/wp\/v2\/pages\/776","targetHints":{"allow":["GET"]}}],"collection":[{"href":"https:\/\/yanoyasolution.eu\/en\/wp-json\/wp\/v2\/pages"}],"about":[{"href":"https:\/\/yanoyasolution.eu\/en\/wp-json\/wp\/v2\/types\/page"}],"author":[{"embeddable":true,"href":"https:\/\/yanoyasolution.eu\/en\/wp-json\/wp\/v2\/users\/1"}],"replies":[{"embeddable":true,"href":"https:\/\/yanoyasolution.eu\/en\/wp-json\/wp\/v2\/comments?post=776"}],"version-history":[{"count":7,"href":"https:\/\/yanoyasolution.eu\/en\/wp-json\/wp\/v2\/pages\/776\/revisions"}],"predecessor-version":[{"id":784,"href":"https:\/\/yanoyasolution.eu\/en\/wp-json\/wp\/v2\/pages\/776\/revisions\/784"}],"wp:attachment":[{"href":"https:\/\/yanoyasolution.eu\/en\/wp-json\/wp\/v2\/media?parent=776"}],"curies":[{"name":"wp","href":"https:\/\/api.w.org\/{rel}","templated":true}]}}